{"id":59,"date":"2023-05-20T23:32:38","date_gmt":"2023-05-20T23:32:38","guid":{"rendered":"https:\/\/natbio.patriciavera.com.co\/?post_type=product&#038;p=59"},"modified":"2025-12-18T16:54:34","modified_gmt":"2025-12-18T21:54:34","slug":"salvix-incluirenelalimentocerdoscontrolsalmonella","status":"publish","type":"product","link":"https:\/\/promitec.com.co\/en\/producto\/salvix-incluirenelalimentocerdoscontrolsalmonella\/","title":{"rendered":"Salvix"},"content":{"rendered":"\t\t<div data-elementor-type=\"wp-post\" data-elementor-id=\"59\" class=\"elementor elementor-59\">\n\t\t\t\t\t\t<section class=\"elementor-section elementor-top-section elementor-element elementor-element-708b95c6 service-details elementor-section-boxed elementor-section-height-default elementor-section-height-default\" data-id=\"708b95c6\" data-element_type=\"section\">\n\t\t\t\t\t\t<div class=\"elementor-container elementor-column-gap-default\">\n\t\t\t\t\t<div class=\"elementor-column elementor-col-100 elementor-top-column elementor-element elementor-element-296eed75\" data-id=\"296eed75\" data-element_type=\"column\">\n\t\t\t<div class=\"elementor-widget-wrap elementor-element-populated\">\n\t\t\t\t\t\t<div class=\"elementor-element elementor-element-3b3f022e elementor-widget elementor-widget-heading\" data-id=\"3b3f022e\" data-element_type=\"widget\" data-widget_type=\"heading.default\">\n\t\t\t\t<div class=\"elementor-widget-container\">\n\t\t\t\t\t<h1 class=\"elementor-heading-title elementor-size-default\">Cont\u00e1ctanos<\/h1>\t\t\t\t<\/div>\n\t\t\t\t<\/div>\n\t\t\t\t<div class=\"elementor-element elementor-element-33b9a076 elementor-widget elementor-widget-wpforms\" data-id=\"33b9a076\" data-element_type=\"widget\" data-widget_type=\"wpforms.default\">\n\t\t\t\t<div class=\"elementor-widget-container\">\n\t\t\t\t\t<div class=\"wpforms-container wpforms-container-full wpforms-render-modern\" id=\"wpforms-245889\"><form id=\"wpforms-form-245889\" class=\"wpforms-validate wpforms-form wpforms-ajax-form\" data-formid=\"245889\" method=\"post\" enctype=\"multipart\/form-data\" action=\"\/en\/wp-json\/wp\/v2\/product\/59\" data-token=\"47ff1f29906f4f683686367c01426ef9\" data-token-time=\"1775832657\"><noscript class=\"wpforms-error-noscript\">Please enable JavaScript in your browser to complete this form.<\/noscript><div id=\"wpforms-error-noscript\" style=\"display: none;\">Please enable JavaScript in your browser to complete this form.<\/div><div class=\"wpforms-field-container\"><div id=\"wpforms-245889-field_1-container\" class=\"wpforms-field wpforms-field-text wpforms-one-half wpforms-first\" data-field-id=\"1\"><label class=\"wpforms-field-label wpforms-label-hide\" for=\"wpforms-245889-field_1\" aria-hidden=\"false\">Names <span class=\"wpforms-required-label\" aria-hidden=\"true\">*<\/span><\/label><input type=\"text\" id=\"wpforms-245889-field_1\" class=\"wpforms-field-large wpforms-field-required\" name=\"wpforms[fields][1]\" placeholder=\"Names\" aria-errormessage=\"wpforms-245889-field_1-error\" required><\/div><div id=\"wpforms-245889-field_11-container\" class=\"wpforms-field wpforms-field-text wpforms-one-half\" data-field-id=\"11\"><label class=\"wpforms-field-label wpforms-label-hide\" for=\"wpforms-245889-field_11\" aria-hidden=\"false\">Names (copy) <span class=\"wpforms-required-label\" aria-hidden=\"true\">*<\/span><\/label><input type=\"text\" id=\"wpforms-245889-field_11\" class=\"wpforms-field-large wpforms-field-required\" name=\"wpforms[fields][11]\" placeholder=\"Last Name\" aria-errormessage=\"wpforms-245889-field_11-error\" required><\/div><div id=\"wpforms-245889-field_2-container\" class=\"wpforms-field wpforms-field-email\" data-field-id=\"2\"><label class=\"wpforms-field-label wpforms-label-hide\" for=\"wpforms-245889-field_2\" aria-hidden=\"false\">Email <span class=\"wpforms-required-label\" aria-hidden=\"true\">*<\/span><\/label><input type=\"email\" id=\"wpforms-245889-field_2\" class=\"wpforms-field-large wpforms-field-required\" name=\"wpforms[fields][2]\" placeholder=\"Email\" spellcheck=\"false\" aria-errormessage=\"wpforms-245889-field_2-error\" required><\/div><div id=\"wpforms-245889-field_3-container\" class=\"wpforms-field wpforms-field-number wpforms-one-half wpforms-first\" data-field-id=\"3\"><label class=\"wpforms-field-label wpforms-label-hide\" for=\"wpforms-245889-field_3\" aria-hidden=\"false\">Phone <span class=\"wpforms-required-label\" aria-hidden=\"true\">*<\/span><\/label><input type=\"number\" id=\"wpforms-245889-field_3\" class=\"wpforms-field-large wpforms-field-required\" name=\"wpforms[fields][3]\" placeholder=\"Phone\" step=\"any\" aria-errormessage=\"wpforms-245889-field_3-error\" required><\/div><div id=\"wpforms-245889-field_4-container\" class=\"wpforms-field wpforms-field-text wpforms-one-half\" data-field-id=\"4\"><label class=\"wpforms-field-label wpforms-label-hide\" for=\"wpforms-245889-field_4\" aria-hidden=\"false\">Company <span class=\"wpforms-required-label\" aria-hidden=\"true\">*<\/span><\/label><input type=\"text\" id=\"wpforms-245889-field_4\" class=\"wpforms-field-large wpforms-field-required\" name=\"wpforms[fields][4]\" placeholder=\"Company\" aria-errormessage=\"wpforms-245889-field_4-error\" required><\/div><div id=\"wpforms-245889-field_6-container\" class=\"wpforms-field wpforms-field-text wpforms-one-half wpforms-first\" data-field-id=\"6\"><label class=\"wpforms-field-label wpforms-label-hide\" for=\"wpforms-245889-field_6\" aria-hidden=\"false\">Position <span class=\"wpforms-required-label\" aria-hidden=\"true\">*<\/span><\/label><input type=\"text\" id=\"wpforms-245889-field_6\" class=\"wpforms-field-large wpforms-field-required\" name=\"wpforms[fields][6]\" placeholder=\"Position\" aria-errormessage=\"wpforms-245889-field_6-error\" required><\/div><div id=\"wpforms-245889-field_7-container\" class=\"wpforms-field wpforms-field-text wpforms-one-half\" data-field-id=\"7\"><label class=\"wpforms-field-label wpforms-label-hide\" for=\"wpforms-245889-field_7\" aria-hidden=\"false\">Country <span class=\"wpforms-required-label\" aria-hidden=\"true\">*<\/span><\/label><input type=\"text\" id=\"wpforms-245889-field_7\" class=\"wpforms-field-large wpforms-field-required\" name=\"wpforms[fields][7]\" placeholder=\"Country\" aria-errormessage=\"wpforms-245889-field_7-error\" required><\/div><div id=\"wpforms-245889-field_5-container\" class=\"wpforms-field wpforms-field-text wpforms-one-half wpforms-first\" data-field-id=\"5\"><label class=\"wpforms-field-label wpforms-label-hide\" for=\"wpforms-245889-field_5\" aria-hidden=\"false\">Department <span class=\"wpforms-required-label\" aria-hidden=\"true\">*<\/span><\/label><input type=\"text\" id=\"wpforms-245889-field_5\" class=\"wpforms-field-large wpforms-field-required\" name=\"wpforms[fields][5]\" placeholder=\"Department\" aria-errormessage=\"wpforms-245889-field_5-error\" required><\/div><div id=\"wpforms-245889-field_8-container\" class=\"wpforms-field wpforms-field-text wpforms-one-half\" data-field-id=\"8\"><label class=\"wpforms-field-label wpforms-label-hide\" for=\"wpforms-245889-field_8\" aria-hidden=\"false\">City <span class=\"wpforms-required-label\" aria-hidden=\"true\">*<\/span><\/label><input type=\"text\" id=\"wpforms-245889-field_8\" class=\"wpforms-field-large wpforms-field-required\" name=\"wpforms[fields][8]\" placeholder=\"City\" aria-errormessage=\"wpforms-245889-field_8-error\" required><\/div><div id=\"wpforms-245889-field_9-container\" class=\"wpforms-field wpforms-field-textarea Mensaje\" data-field-id=\"9\"><label class=\"wpforms-field-label wpforms-label-hide\" for=\"wpforms-245889-field_9\" aria-hidden=\"false\">Message <span class=\"wpforms-required-label\" aria-hidden=\"true\">*<\/span><\/label><textarea id=\"wpforms-245889-field_9\" class=\"wpforms-field-medium wpforms-field-required\" name=\"wpforms[fields][9]\" aria-errormessage=\"wpforms-245889-field_9-error\" required><\/textarea><\/div><\/div><!-- .wpforms-field-container --><div class=\"wpforms-submit-container\" ><input type=\"hidden\" name=\"wpforms[id]\" value=\"245889\"><input type=\"hidden\" name=\"page_title\" value=\"\"><input type=\"hidden\" name=\"page_url\" value=\"https:\/\/promitec.com.co\/en\/wp-json\/wp\/v2\/product\/59\"><input type=\"hidden\" name=\"url_referer\" value=\"\"><button type=\"submit\" name=\"wpforms[submit]\" id=\"wpforms-submit-245889\" class=\"wpforms-submit\" data-alt-text=\"Sending... \ud83e\udd73\" data-submit-text=\"Send\" aria-live=\"assertive\" value=\"wpforms-submit\">Send<\/button><img decoding=\"async\" src=\"https:\/\/promitec.com.co\/wp-content\/plugins\/wpforms-lite\/assets\/images\/submit-spin.svg\" class=\"wpforms-submit-spinner\" style=\"display: none;\" width=\"26\" height=\"26\" alt=\"Loading\"><\/div><\/form><\/div>  <!-- .wpforms-container -->\t\t\t\t<\/div>\n\t\t\t\t<\/div>\n\t\t\t\t\t<\/div>\n\t\t<\/div>\n\t\t\t\t\t<\/div>\n\t\t<\/section>\n\t\t\t\t<\/div>\n\t\t","protected":false},"excerpt":{"rendered":"<p>Cont\u00e1ctanos Por favor, activa JavaScript en tu navegador para completar este formulario.Por favor, activa JavaScript en tu navegador para completar este formulario.Nombres *Nombres (copia) *Correo electr\u00f3nico *Tel\u00e9fono *Empresa *Cargo *Pa\u00eds *Departamento *Ciudad *Mensaje * Enviar<\/p>\n","protected":false},"featured_media":248061,"template":"","meta":{"_joinchat":[]},"product_brand":[],"product_cat":[131,152,164,136,135],"product_tag":[],"class_list":{"0":"post-59","1":"product","2":"type-product","3":"status-publish","4":"has-post-thumbnail","6":"product_cat-cerdos","7":"product_cat-control-salmonella-cerdos","8":"product_cat-incluir-en-el-alimento-cerdos","9":"product_cat-necesidad-cerdos","10":"product_cat-uso-cerdos","12":"first","13":"instock","14":"shipping-taxable","15":"product-type-simple"},"aioseo_notices":[],"_links":{"self":[{"href":"https:\/\/promitec.com.co\/en\/wp-json\/wp\/v2\/product\/59","targetHints":{"allow":["GET"]}}],"collection":[{"href":"https:\/\/promitec.com.co\/en\/wp-json\/wp\/v2\/product"}],"about":[{"href":"https:\/\/promitec.com.co\/en\/wp-json\/wp\/v2\/types\/product"}],"version-history":[{"count":6,"href":"https:\/\/promitec.com.co\/en\/wp-json\/wp\/v2\/product\/59\/revisions"}],"predecessor-version":[{"id":246318,"href":"https:\/\/promitec.com.co\/en\/wp-json\/wp\/v2\/product\/59\/revisions\/246318"}],"wp:featuredmedia":[{"embeddable":true,"href":"https:\/\/promitec.com.co\/en\/wp-json\/wp\/v2\/media\/248061"}],"wp:attachment":[{"href":"https:\/\/promitec.com.co\/en\/wp-json\/wp\/v2\/media?parent=59"}],"wp:term":[{"taxonomy":"product_brand","embeddable":true,"href":"https:\/\/promitec.com.co\/en\/wp-json\/wp\/v2\/product_brand?post=59"},{"taxonomy":"product_cat","embeddable":true,"href":"https:\/\/promitec.com.co\/en\/wp-json\/wp\/v2\/product_cat?post=59"},{"taxonomy":"product_tag","embeddable":true,"href":"https:\/\/promitec.com.co\/en\/wp-json\/wp\/v2\/product_tag?post=59"}],"curies":[{"name":"wp","href":"https:\/\/api.w.org\/{rel}","templated":true}]}}