{"id":57,"date":"2023-05-20T23:26:16","date_gmt":"2023-05-20T23:26:16","guid":{"rendered":"https:\/\/natbio.patriciavera.com.co\/?post_type=product&#038;p=57"},"modified":"2025-12-18T16:40:19","modified_gmt":"2025-12-18T21:40:19","slug":"hepaxis-incluirenelalimentocerdosmoduladorhepatico","status":"publish","type":"product","link":"https:\/\/promitec.com.co\/en\/producto\/hepaxis-incluirenelalimentocerdosmoduladorhepatico\/","title":{"rendered":"Hepaxis"},"content":{"rendered":"\t\t<div data-elementor-type=\"wp-post\" data-elementor-id=\"57\" class=\"elementor elementor-57\">\n\t\t\t\t\t\t<section class=\"elementor-section elementor-top-section elementor-element elementor-element-5856c88e service-details elementor-section-boxed elementor-section-height-default elementor-section-height-default\" data-id=\"5856c88e\" data-element_type=\"section\">\n\t\t\t\t\t\t<div class=\"elementor-container elementor-column-gap-default\">\n\t\t\t\t\t<div class=\"elementor-column elementor-col-100 elementor-top-column elementor-element elementor-element-5b9aeb03\" data-id=\"5b9aeb03\" data-element_type=\"column\">\n\t\t\t<div class=\"elementor-widget-wrap elementor-element-populated\">\n\t\t\t\t\t\t<div class=\"elementor-element elementor-element-1b37a95 elementor-widget elementor-widget-text-editor\" data-id=\"1b37a95\" data-element_type=\"widget\" data-widget_type=\"text-editor.default\">\n\t\t\t\t<div class=\"elementor-widget-container\">\n\t\t\t\t\t\t\t\t\t<p>Es un modulador de la funci\u00f3n hep\u00e1tica que proporciona beneficios para mejorar la salud y el funcionamiento del h\u00edgado de los animales, ofreciendo una opci\u00f3n natural para desintoxicar y optimizar su rendimiento, lo que ayuda a proteger la inversi\u00f3n del productor.<\/p>\t\t\t\t\t\t\t\t<\/div>\n\t\t\t\t<\/div>\n\t\t\t\t<div class=\"elementor-element elementor-element-5dc9b371 elementor-widget elementor-widget-heading\" data-id=\"5dc9b371\" data-element_type=\"widget\" data-widget_type=\"heading.default\">\n\t\t\t\t<div class=\"elementor-widget-container\">\n\t\t\t\t\t<h2 class=\"elementor-heading-title elementor-size-default\">Administraci\u00f3n y cantidad recomendada:\n<\/h2>\t\t\t\t<\/div>\n\t\t\t\t<\/div>\n\t\t\t\t<div class=\"elementor-element elementor-element-656f4d9e elementor-widget elementor-widget-text-editor\" data-id=\"656f4d9e\" data-element_type=\"widget\" data-widget_type=\"text-editor.default\">\n\t\t\t\t<div class=\"elementor-widget-container\">\n\t\t\t\t\t\t\t\t\t<ul><li>Tiene efecto coler\u00e9tico y colagogo, favoreciendo la producci\u00f3n y flujo de bilis.<\/li><li>Contribuye a la protecci\u00f3n de los hepatocitos, las c\u00e9lulas del h\u00edgado.<\/li><li>Reduce el estr\u00e9s oxidativo en el h\u00edgado.<\/li><li>Previene la formaci\u00f3n de radicales libres, sustancias da\u00f1inas para el h\u00edgado.<\/li><\/ul>\t\t\t\t\t\t\t\t<\/div>\n\t\t\t\t<\/div>\n\t\t\t\t<div class=\"elementor-element elementor-element-07e2a3c elementor-widget elementor-widget-text-editor\" data-id=\"07e2a3c\" data-element_type=\"widget\" data-widget_type=\"text-editor.default\">\n\t\t\t\t<div class=\"elementor-widget-container\">\n\t\t\t\t\t\t\t\t\t<p>Dosis:<\/p><ul><li>Lechones en la etapa de precebo y engorde: 250-300 g por tonelada de alimento.<\/li><li>Cerdos reproductores y cerdas en gestaci\u00f3n y lactancia: 250-300 g por tonelada de alimento.<\/li><\/ul>\t\t\t\t\t\t\t\t<\/div>\n\t\t\t\t<\/div>\n\t\t\t\t<div class=\"elementor-element elementor-element-738ca9b7 elementor-pagination-position-outside elementor-widget elementor-widget-image-carousel\" data-id=\"738ca9b7\" data-element_type=\"widget\" data-settings=\"{&quot;slides_to_show_tablet&quot;:&quot;3&quot;,&quot;slides_to_scroll_tablet&quot;:&quot;3&quot;,&quot;navigation&quot;:&quot;dots&quot;,&quot;infinite&quot;:&quot;no&quot;,&quot;autoplay&quot;:&quot;yes&quot;,&quot;pause_on_hover&quot;:&quot;yes&quot;,&quot;pause_on_interaction&quot;:&quot;yes&quot;,&quot;autoplay_speed&quot;:5000,&quot;speed&quot;:500}\" data-widget_type=\"image-carousel.default\">\n\t\t\t\t<div class=\"elementor-widget-container\">\n\t\t\t\t\t\t\t<div class=\"elementor-image-carousel-wrapper swiper\" role=\"region\" aria-roledescription=\"carousel\" aria-label=\"Image Carousel\" dir=\"ltr\">\n\t\t\t<div class=\"elementor-image-carousel swiper-wrapper\" aria-live=\"off\">\n\t\t\t\t\t\t\t\t<div class=\"swiper-slide\" role=\"group\" aria-roledescription=\"slide\" aria-label=\"1 of 3\"><figure class=\"swiper-slide-inner\"><img decoding=\"async\" class=\"swiper-slide-image\" src=\"https:\/\/promitec.com.co\/wp-content\/uploads\/2023\/06\/BOTONES-14.png\" alt=\"BOTONES-14\" \/><\/figure><\/div><div class=\"swiper-slide\" role=\"group\" aria-roledescription=\"slide\" aria-label=\"2 of 3\"><figure class=\"swiper-slide-inner\"><img decoding=\"async\" class=\"swiper-slide-image\" src=\"https:\/\/promitec.com.co\/wp-content\/uploads\/2023\/06\/BOTONES-15.png\" alt=\"BOTONES-15\" \/><\/figure><\/div><div class=\"swiper-slide\" role=\"group\" aria-roledescription=\"slide\" aria-label=\"3 of 3\"><figure class=\"swiper-slide-inner\"><img decoding=\"async\" class=\"swiper-slide-image\" src=\"https:\/\/promitec.com.co\/wp-content\/uploads\/2023\/06\/BOTONES-16.png\" alt=\"BOTONES-16\" \/><\/figure><\/div>\t\t\t<\/div>\n\t\t\t\t\t\t\t\n\t\t\t\t\t\t\t\t\t<div class=\"swiper-pagination\"><\/div>\n\t\t\t\t\t\t\t\t\t<\/div>\n\t\t\t\t\t\t<\/div>\n\t\t\t\t<\/div>\n\t\t\t\t<div class=\"elementor-element elementor-element-2df35b01 elementor-widget elementor-widget-heading\" data-id=\"2df35b01\" data-element_type=\"widget\" data-widget_type=\"heading.default\">\n\t\t\t\t<div class=\"elementor-widget-container\">\n\t\t\t\t\t<h1 class=\"elementor-heading-title elementor-size-default\">Cont\u00e1ctanos<\/h1>\t\t\t\t<\/div>\n\t\t\t\t<\/div>\n\t\t\t\t<div class=\"elementor-element elementor-element-33aed718 elementor-widget elementor-widget-wpforms\" data-id=\"33aed718\" data-element_type=\"widget\" data-widget_type=\"wpforms.default\">\n\t\t\t\t<div class=\"elementor-widget-container\">\n\t\t\t\t\t<div class=\"wpforms-container wpforms-container-full wpforms-render-modern\" id=\"wpforms-246018\"><form id=\"wpforms-form-246018\" class=\"wpforms-validate wpforms-form wpforms-ajax-form\" data-formid=\"246018\" method=\"post\" enctype=\"multipart\/form-data\" action=\"\/en\/wp-json\/wp\/v2\/product\/57\" data-token=\"410d485569bc101c7cab2f32909dd802\" data-token-time=\"1775904944\"><noscript class=\"wpforms-error-noscript\">Please enable JavaScript in your browser to complete this form.<\/noscript><div id=\"wpforms-error-noscript\" style=\"display: none;\">Please enable JavaScript in your browser to complete this form.<\/div><div class=\"wpforms-field-container\"><div id=\"wpforms-246018-field_1-container\" class=\"wpforms-field wpforms-field-text wpforms-one-half wpforms-first\" data-field-id=\"1\"><label class=\"wpforms-field-label wpforms-label-hide\" for=\"wpforms-246018-field_1\" aria-hidden=\"false\">Names <span class=\"wpforms-required-label\" aria-hidden=\"true\">*<\/span><\/label><input type=\"text\" id=\"wpforms-246018-field_1\" class=\"wpforms-field-large wpforms-field-required\" name=\"wpforms[fields][1]\" placeholder=\"Names\" aria-errormessage=\"wpforms-246018-field_1-error\" required><\/div><div id=\"wpforms-246018-field_11-container\" class=\"wpforms-field wpforms-field-text wpforms-one-half\" data-field-id=\"11\"><label class=\"wpforms-field-label wpforms-label-hide\" for=\"wpforms-246018-field_11\" aria-hidden=\"false\">Names (copy) <span class=\"wpforms-required-label\" aria-hidden=\"true\">*<\/span><\/label><input type=\"text\" id=\"wpforms-246018-field_11\" class=\"wpforms-field-large wpforms-field-required\" name=\"wpforms[fields][11]\" placeholder=\"Last Name\" aria-errormessage=\"wpforms-246018-field_11-error\" required><\/div><div id=\"wpforms-246018-field_2-container\" class=\"wpforms-field wpforms-field-email\" data-field-id=\"2\"><label class=\"wpforms-field-label wpforms-label-hide\" for=\"wpforms-246018-field_2\" aria-hidden=\"false\">Email <span class=\"wpforms-required-label\" aria-hidden=\"true\">*<\/span><\/label><input type=\"email\" id=\"wpforms-246018-field_2\" class=\"wpforms-field-large wpforms-field-required\" name=\"wpforms[fields][2]\" placeholder=\"Email\" spellcheck=\"false\" aria-errormessage=\"wpforms-246018-field_2-error\" required><\/div><div id=\"wpforms-246018-field_3-container\" class=\"wpforms-field wpforms-field-number wpforms-one-half wpforms-first\" data-field-id=\"3\"><label class=\"wpforms-field-label wpforms-label-hide\" for=\"wpforms-246018-field_3\" aria-hidden=\"false\">Phone <span class=\"wpforms-required-label\" aria-hidden=\"true\">*<\/span><\/label><input type=\"number\" id=\"wpforms-246018-field_3\" class=\"wpforms-field-large wpforms-field-required\" name=\"wpforms[fields][3]\" placeholder=\"Phone\" step=\"any\" aria-errormessage=\"wpforms-246018-field_3-error\" required><\/div><div id=\"wpforms-246018-field_4-container\" class=\"wpforms-field wpforms-field-text wpforms-one-half\" data-field-id=\"4\"><label class=\"wpforms-field-label wpforms-label-hide\" for=\"wpforms-246018-field_4\" aria-hidden=\"false\">Company <span class=\"wpforms-required-label\" aria-hidden=\"true\">*<\/span><\/label><input type=\"text\" id=\"wpforms-246018-field_4\" class=\"wpforms-field-large wpforms-field-required\" name=\"wpforms[fields][4]\" placeholder=\"Company\" aria-errormessage=\"wpforms-246018-field_4-error\" required><\/div><div id=\"wpforms-246018-field_6-container\" class=\"wpforms-field wpforms-field-text wpforms-one-half wpforms-first\" data-field-id=\"6\"><label class=\"wpforms-field-label wpforms-label-hide\" for=\"wpforms-246018-field_6\" aria-hidden=\"false\">Position <span class=\"wpforms-required-label\" aria-hidden=\"true\">*<\/span><\/label><input type=\"text\" id=\"wpforms-246018-field_6\" class=\"wpforms-field-large wpforms-field-required\" name=\"wpforms[fields][6]\" placeholder=\"Position\" aria-errormessage=\"wpforms-246018-field_6-error\" required><\/div><div id=\"wpforms-246018-field_7-container\" class=\"wpforms-field wpforms-field-text wpforms-one-half\" data-field-id=\"7\"><label class=\"wpforms-field-label wpforms-label-hide\" for=\"wpforms-246018-field_7\" aria-hidden=\"false\">Country <span class=\"wpforms-required-label\" aria-hidden=\"true\">*<\/span><\/label><input type=\"text\" id=\"wpforms-246018-field_7\" class=\"wpforms-field-large wpforms-field-required\" name=\"wpforms[fields][7]\" placeholder=\"Country\" aria-errormessage=\"wpforms-246018-field_7-error\" required><\/div><div id=\"wpforms-246018-field_5-container\" class=\"wpforms-field wpforms-field-text wpforms-one-half wpforms-first\" data-field-id=\"5\"><label class=\"wpforms-field-label wpforms-label-hide\" for=\"wpforms-246018-field_5\" aria-hidden=\"false\">Department <span class=\"wpforms-required-label\" aria-hidden=\"true\">*<\/span><\/label><input type=\"text\" id=\"wpforms-246018-field_5\" class=\"wpforms-field-large wpforms-field-required\" name=\"wpforms[fields][5]\" placeholder=\"Department\" aria-errormessage=\"wpforms-246018-field_5-error\" required><\/div><div id=\"wpforms-246018-field_8-container\" class=\"wpforms-field wpforms-field-text wpforms-one-half\" data-field-id=\"8\"><label class=\"wpforms-field-label wpforms-label-hide\" for=\"wpforms-246018-field_8\" aria-hidden=\"false\">City <span class=\"wpforms-required-label\" aria-hidden=\"true\">*<\/span><\/label><input type=\"text\" id=\"wpforms-246018-field_8\" class=\"wpforms-field-large wpforms-field-required\" name=\"wpforms[fields][8]\" placeholder=\"City\" aria-errormessage=\"wpforms-246018-field_8-error\" required><\/div><div id=\"wpforms-246018-field_9-container\" class=\"wpforms-field wpforms-field-textarea Mensaje\" data-field-id=\"9\"><label class=\"wpforms-field-label wpforms-label-hide\" for=\"wpforms-246018-field_9\" aria-hidden=\"false\">Message <span class=\"wpforms-required-label\" aria-hidden=\"true\">*<\/span><\/label><textarea id=\"wpforms-246018-field_9\" class=\"wpforms-field-medium wpforms-field-required\" name=\"wpforms[fields][9]\" aria-errormessage=\"wpforms-246018-field_9-error\" required><\/textarea><\/div><\/div><!-- .wpforms-field-container --><div class=\"wpforms-submit-container\" ><input type=\"hidden\" name=\"wpforms[id]\" value=\"246018\"><input type=\"hidden\" name=\"page_title\" value=\"\"><input type=\"hidden\" name=\"page_url\" value=\"https:\/\/promitec.com.co\/en\/wp-json\/wp\/v2\/product\/57\"><input type=\"hidden\" name=\"url_referer\" value=\"\"><button type=\"submit\" name=\"wpforms[submit]\" id=\"wpforms-submit-246018\" class=\"wpforms-submit\" data-alt-text=\"Sending... \ud83e\udd73\" data-submit-text=\"Send\" aria-live=\"assertive\" value=\"wpforms-submit\">Send<\/button><img decoding=\"async\" src=\"https:\/\/promitec.com.co\/wp-content\/plugins\/wpforms-lite\/assets\/images\/submit-spin.svg\" class=\"wpforms-submit-spinner\" style=\"display: none;\" width=\"26\" height=\"26\" alt=\"Loading\"><\/div><\/form><\/div>  <!-- .wpforms-container -->\t\t\t\t<\/div>\n\t\t\t\t<\/div>\n\t\t\t\t\t<\/div>\n\t\t<\/div>\n\t\t\t\t\t<\/div>\n\t\t<\/section>\n\t\t\t\t<\/div>\n\t\t","protected":false},"excerpt":{"rendered":"<p>Es un modulador de la funci\u00f3n hep\u00e1tica que proporciona beneficios para mejorar la salud y el funcionamiento del h\u00edgado de los animales, ofreciendo una opci\u00f3n natural para desintoxicar y optimizar su rendimiento, lo que ayuda a proteger la inversi\u00f3n del productor.<\/p>\n","protected":false},"featured_media":248109,"template":"","meta":{"_joinchat":[]},"product_brand":[],"product_cat":[131,164,150,136,135],"product_tag":[],"class_list":{"0":"post-57","1":"product","2":"type-product","3":"status-publish","4":"has-post-thumbnail","6":"product_cat-cerdos","7":"product_cat-incluir-en-el-alimento-cerdos","8":"product_cat-modulador-hepatico-cerdos","9":"product_cat-necesidad-cerdos","10":"product_cat-uso-cerdos","12":"first","13":"instock","14":"shipping-taxable","15":"product-type-simple"},"aioseo_notices":[],"_links":{"self":[{"href":"https:\/\/promitec.com.co\/en\/wp-json\/wp\/v2\/product\/57","targetHints":{"allow":["GET"]}}],"collection":[{"href":"https:\/\/promitec.com.co\/en\/wp-json\/wp\/v2\/product"}],"about":[{"href":"https:\/\/promitec.com.co\/en\/wp-json\/wp\/v2\/types\/product"}],"version-history":[{"count":9,"href":"https:\/\/promitec.com.co\/en\/wp-json\/wp\/v2\/product\/57\/revisions"}],"predecessor-version":[{"id":248143,"href":"https:\/\/promitec.com.co\/en\/wp-json\/wp\/v2\/product\/57\/revisions\/248143"}],"wp:featuredmedia":[{"embeddable":true,"href":"https:\/\/promitec.com.co\/en\/wp-json\/wp\/v2\/media\/248109"}],"wp:attachment":[{"href":"https:\/\/promitec.com.co\/en\/wp-json\/wp\/v2\/media?parent=57"}],"wp:term":[{"taxonomy":"product_brand","embeddable":true,"href":"https:\/\/promitec.com.co\/en\/wp-json\/wp\/v2\/product_brand?post=57"},{"taxonomy":"product_cat","embeddable":true,"href":"https:\/\/promitec.com.co\/en\/wp-json\/wp\/v2\/product_cat?post=57"},{"taxonomy":"product_tag","embeddable":true,"href":"https:\/\/promitec.com.co\/en\/wp-json\/wp\/v2\/product_tag?post=57"}],"curies":[{"name":"wp","href":"https:\/\/api.w.org\/{rel}","templated":true}]}}