{"id":41,"date":"2023-05-20T22:17:48","date_gmt":"2023-05-20T22:17:48","guid":{"rendered":"https:\/\/natbio.patriciavera.com.co\/?post_type=product&#038;p=41"},"modified":"2026-01-02T16:50:36","modified_gmt":"2026-01-02T21:50:36","slug":"hepaxis-incluirenelalimentoavesmoduladorhepatico","status":"publish","type":"product","link":"https:\/\/promitec.com.co\/en\/producto\/hepaxis-incluirenelalimentoavesmoduladorhepatico\/","title":{"rendered":"Hepaxis"},"content":{"rendered":"\t\t<div data-elementor-type=\"wp-post\" data-elementor-id=\"41\" class=\"elementor elementor-41\">\n\t\t\t\t\t\t<section class=\"elementor-section elementor-top-section elementor-element elementor-element-1d37a658 service-details elementor-section-boxed elementor-section-height-default elementor-section-height-default\" data-id=\"1d37a658\" data-element_type=\"section\">\n\t\t\t\t\t\t<div class=\"elementor-container elementor-column-gap-default\">\n\t\t\t\t\t<div class=\"elementor-column elementor-col-100 elementor-top-column elementor-element elementor-element-62be7c1f\" data-id=\"62be7c1f\" data-element_type=\"column\">\n\t\t\t<div class=\"elementor-widget-wrap elementor-element-populated\">\n\t\t\t\t\t\t<div class=\"elementor-element elementor-element-444075af elementor-widget elementor-widget-heading\" data-id=\"444075af\" data-element_type=\"widget\" data-widget_type=\"heading.default\">\n\t\t\t\t<div class=\"elementor-widget-container\">\n\t\t\t\t\t<p class=\"elementor-heading-title elementor-size-default\">\n<\/p>\t\t\t\t<\/div>\n\t\t\t\t<\/div>\n\t\t\t\t<div class=\"elementor-element elementor-element-59cf2ab elementor-widget elementor-widget-text-editor\" data-id=\"59cf2ab\" data-element_type=\"widget\" data-widget_type=\"text-editor.default\">\n\t\t\t\t<div class=\"elementor-widget-container\">\n\t\t\t\t\t\t\t\t\t<p>Es un modulador de la funci\u00f3n hep\u00e1tica que ofrece beneficios para mejorar el funcionamiento y la salud del h\u00edgado en animales. Sus componentes proporcionan propiedades que contribuyen a desintoxicar, mejorar y optimizar el rendimiento hep\u00e1tico, protegiendo la inversi\u00f3n del productor de manera natural.<\/p>\t\t\t\t\t\t\t\t<\/div>\n\t\t\t\t<\/div>\n\t\t\t\t<div class=\"elementor-element elementor-element-5e73679 elementor-widget elementor-widget-heading\" data-id=\"5e73679\" data-element_type=\"widget\" data-widget_type=\"heading.default\">\n\t\t\t\t<div class=\"elementor-widget-container\">\n\t\t\t\t\t<h2 class=\"elementor-heading-title elementor-size-default\">Administraci\u00f3n y cantidad recomendada:\n<\/h2>\t\t\t\t<\/div>\n\t\t\t\t<\/div>\n\t\t\t\t<div class=\"elementor-element elementor-element-47344a0 elementor-widget elementor-widget-text-editor\" data-id=\"47344a0\" data-element_type=\"widget\" data-widget_type=\"text-editor.default\">\n\t\t\t\t<div class=\"elementor-widget-container\">\n\t\t\t\t\t\t\t\t\t<ul><li>Tiene un efecto coler\u00e9tico y colagogo.<\/li><li>Contribuye a la protecci\u00f3n de los hepatocitos.<\/li><li>Reduce el estr\u00e9s oxidativo en el h\u00edgado.<\/li><li>Previene la formaci\u00f3n de radicales libres.<\/li><\/ul>\t\t\t\t\t\t\t\t<\/div>\n\t\t\t\t<\/div>\n\t\t\t\t<div class=\"elementor-element elementor-element-9d86b86 elementor-widget elementor-widget-text-editor\" data-id=\"9d86b86\" data-element_type=\"widget\" data-widget_type=\"text-editor.default\">\n\t\t\t\t<div class=\"elementor-widget-container\">\n\t\t\t\t\t\t\t\t\t<p>Dosis:<\/p><ul><li><span style=\"color: var( --e-global-color-text ); font-family: var( --e-global-typography-text-font-family ), Sans-serif;\">Pollos de engorde, gallinas ponedoras y reproductoras en cualquier etapa: 250-300 g por tonelada de alimento.<\/span><\/li><\/ul>\t\t\t\t\t\t\t\t<\/div>\n\t\t\t\t<\/div>\n\t\t\t\t<div class=\"elementor-element elementor-element-1e896054 elementor-pagination-position-outside elementor-widget elementor-widget-image-carousel\" data-id=\"1e896054\" data-element_type=\"widget\" data-settings=\"{&quot;slides_to_show_tablet&quot;:&quot;3&quot;,&quot;slides_to_scroll_tablet&quot;:&quot;3&quot;,&quot;navigation&quot;:&quot;dots&quot;,&quot;infinite&quot;:&quot;no&quot;,&quot;slides_to_show&quot;:&quot;4&quot;,&quot;autoplay&quot;:&quot;yes&quot;,&quot;pause_on_hover&quot;:&quot;yes&quot;,&quot;pause_on_interaction&quot;:&quot;yes&quot;,&quot;autoplay_speed&quot;:5000,&quot;speed&quot;:500}\" data-widget_type=\"image-carousel.default\">\n\t\t\t\t<div class=\"elementor-widget-container\">\n\t\t\t\t\t\t\t<div class=\"elementor-image-carousel-wrapper swiper\" role=\"region\" aria-roledescription=\"carousel\" aria-label=\"Carrusel de im\u00e1genes\" dir=\"ltr\">\n\t\t\t<div class=\"elementor-image-carousel swiper-wrapper\" aria-live=\"off\">\n\t\t\t\t\t\t\t\t<div class=\"swiper-slide\" role=\"group\" aria-roledescription=\"slide\" aria-label=\"1 de 4\"><figure class=\"swiper-slide-inner\"><img decoding=\"async\" class=\"swiper-slide-image\" src=\"https:\/\/promitec.com.co\/wp-content\/uploads\/2023\/06\/BOTONES-17.png\" alt=\"BOTONES-17\" \/><\/figure><\/div><div class=\"swiper-slide\" role=\"group\" aria-roledescription=\"slide\" aria-label=\"2 de 4\"><figure class=\"swiper-slide-inner\"><img decoding=\"async\" class=\"swiper-slide-image\" src=\"https:\/\/promitec.com.co\/wp-content\/uploads\/2023\/06\/BOTONES-18.png\" alt=\"BOTONES-18\" \/><\/figure><\/div><div class=\"swiper-slide\" role=\"group\" aria-roledescription=\"slide\" aria-label=\"3 de 4\"><figure class=\"swiper-slide-inner\"><img decoding=\"async\" class=\"swiper-slide-image\" src=\"https:\/\/promitec.com.co\/wp-content\/uploads\/2023\/06\/BOTONES-19.png\" alt=\"BOTONES-19\" \/><\/figure><\/div><div class=\"swiper-slide\" role=\"group\" aria-roledescription=\"slide\" aria-label=\"4 de 4\"><figure class=\"swiper-slide-inner\"><img decoding=\"async\" class=\"swiper-slide-image\" src=\"https:\/\/promitec.com.co\/wp-content\/uploads\/2023\/06\/BOTONES-20.png\" alt=\"BOTONES-20\" \/><\/figure><\/div>\t\t\t<\/div>\n\t\t\t\t\t\t\t\n\t\t\t\t\t\t\t\t\t<div class=\"swiper-pagination\"><\/div>\n\t\t\t\t\t\t\t\t\t<\/div>\n\t\t\t\t\t\t<\/div>\n\t\t\t\t<\/div>\n\t\t\t\t<div class=\"elementor-element elementor-element-147b8656 elementor-widget elementor-widget-heading\" data-id=\"147b8656\" data-element_type=\"widget\" data-widget_type=\"heading.default\">\n\t\t\t\t<div class=\"elementor-widget-container\">\n\t\t\t\t\t<h1 class=\"elementor-heading-title elementor-size-default\">Cont\u00e1ctanos<\/h1>\t\t\t\t<\/div>\n\t\t\t\t<\/div>\n\t\t\t\t<div class=\"elementor-element elementor-element-295ac8a3 elementor-widget elementor-widget-wpforms\" data-id=\"295ac8a3\" data-element_type=\"widget\" data-widget_type=\"wpforms.default\">\n\t\t\t\t<div class=\"elementor-widget-container\">\n\t\t\t\t\t<div class=\"wpforms-container wpforms-container-full wpforms-render-modern\" id=\"wpforms-245899\"><form id=\"wpforms-form-245899\" class=\"wpforms-validate wpforms-form wpforms-ajax-form\" data-formid=\"245899\" method=\"post\" enctype=\"multipart\/form-data\" action=\"\/en\/wp-json\/wp\/v2\/product\/41\" data-token=\"0079eea19e771afefee0d108205ef1e7\" data-token-time=\"1775692532\"><noscript class=\"wpforms-error-noscript\">Please enable JavaScript in your browser to complete this form.<\/noscript><div id=\"wpforms-error-noscript\" style=\"display: none;\">Please enable JavaScript in your browser to complete this form.<\/div><div class=\"wpforms-field-container\"><div id=\"wpforms-245899-field_1-container\" class=\"wpforms-field wpforms-field-text wpforms-one-half wpforms-first\" data-field-id=\"1\"><label class=\"wpforms-field-label wpforms-label-hide\" for=\"wpforms-245899-field_1\" aria-hidden=\"false\">Names <span class=\"wpforms-required-label\" aria-hidden=\"true\">*<\/span><\/label><input type=\"text\" id=\"wpforms-245899-field_1\" class=\"wpforms-field-large wpforms-field-required\" name=\"wpforms[fields][1]\" placeholder=\"Names\" aria-errormessage=\"wpforms-245899-field_1-error\" required><\/div><div id=\"wpforms-245899-field_11-container\" class=\"wpforms-field wpforms-field-text wpforms-one-half\" data-field-id=\"11\"><label class=\"wpforms-field-label wpforms-label-hide\" for=\"wpforms-245899-field_11\" aria-hidden=\"false\">Names (copy) <span class=\"wpforms-required-label\" aria-hidden=\"true\">*<\/span><\/label><input type=\"text\" id=\"wpforms-245899-field_11\" class=\"wpforms-field-large wpforms-field-required\" name=\"wpforms[fields][11]\" placeholder=\"Last Name\" aria-errormessage=\"wpforms-245899-field_11-error\" required><\/div><div id=\"wpforms-245899-field_2-container\" class=\"wpforms-field wpforms-field-email\" data-field-id=\"2\"><label class=\"wpforms-field-label wpforms-label-hide\" for=\"wpforms-245899-field_2\" aria-hidden=\"false\">Email <span class=\"wpforms-required-label\" aria-hidden=\"true\">*<\/span><\/label><input type=\"email\" id=\"wpforms-245899-field_2\" class=\"wpforms-field-large wpforms-field-required\" name=\"wpforms[fields][2]\" placeholder=\"Email\" spellcheck=\"false\" aria-errormessage=\"wpforms-245899-field_2-error\" required><\/div><div id=\"wpforms-245899-field_3-container\" class=\"wpforms-field wpforms-field-number wpforms-one-half wpforms-first\" data-field-id=\"3\"><label class=\"wpforms-field-label wpforms-label-hide\" for=\"wpforms-245899-field_3\" aria-hidden=\"false\">Phone <span class=\"wpforms-required-label\" aria-hidden=\"true\">*<\/span><\/label><input type=\"number\" id=\"wpforms-245899-field_3\" class=\"wpforms-field-large wpforms-field-required\" name=\"wpforms[fields][3]\" placeholder=\"Phone\" step=\"any\" aria-errormessage=\"wpforms-245899-field_3-error\" required><\/div><div id=\"wpforms-245899-field_4-container\" class=\"wpforms-field wpforms-field-text wpforms-one-half\" data-field-id=\"4\"><label class=\"wpforms-field-label wpforms-label-hide\" for=\"wpforms-245899-field_4\" aria-hidden=\"false\">Company <span class=\"wpforms-required-label\" aria-hidden=\"true\">*<\/span><\/label><input type=\"text\" id=\"wpforms-245899-field_4\" class=\"wpforms-field-large wpforms-field-required\" name=\"wpforms[fields][4]\" placeholder=\"Company\" aria-errormessage=\"wpforms-245899-field_4-error\" required><\/div><div id=\"wpforms-245899-field_6-container\" class=\"wpforms-field wpforms-field-text wpforms-one-half wpforms-first\" data-field-id=\"6\"><label class=\"wpforms-field-label wpforms-label-hide\" for=\"wpforms-245899-field_6\" aria-hidden=\"false\">Position <span class=\"wpforms-required-label\" aria-hidden=\"true\">*<\/span><\/label><input type=\"text\" id=\"wpforms-245899-field_6\" class=\"wpforms-field-large wpforms-field-required\" name=\"wpforms[fields][6]\" placeholder=\"Position\" aria-errormessage=\"wpforms-245899-field_6-error\" required><\/div><div id=\"wpforms-245899-field_7-container\" class=\"wpforms-field wpforms-field-text wpforms-one-half\" data-field-id=\"7\"><label class=\"wpforms-field-label wpforms-label-hide\" for=\"wpforms-245899-field_7\" aria-hidden=\"false\">Country <span class=\"wpforms-required-label\" aria-hidden=\"true\">*<\/span><\/label><input type=\"text\" id=\"wpforms-245899-field_7\" class=\"wpforms-field-large wpforms-field-required\" name=\"wpforms[fields][7]\" placeholder=\"Country\" aria-errormessage=\"wpforms-245899-field_7-error\" required><\/div><div id=\"wpforms-245899-field_5-container\" class=\"wpforms-field wpforms-field-text wpforms-one-half wpforms-first\" data-field-id=\"5\"><label class=\"wpforms-field-label wpforms-label-hide\" for=\"wpforms-245899-field_5\" aria-hidden=\"false\">Department <span class=\"wpforms-required-label\" aria-hidden=\"true\">*<\/span><\/label><input type=\"text\" id=\"wpforms-245899-field_5\" class=\"wpforms-field-large wpforms-field-required\" name=\"wpforms[fields][5]\" placeholder=\"Department\" aria-errormessage=\"wpforms-245899-field_5-error\" required><\/div><div id=\"wpforms-245899-field_8-container\" class=\"wpforms-field wpforms-field-text wpforms-one-half\" data-field-id=\"8\"><label class=\"wpforms-field-label wpforms-label-hide\" for=\"wpforms-245899-field_8\" aria-hidden=\"false\">City <span class=\"wpforms-required-label\" aria-hidden=\"true\">*<\/span><\/label><input type=\"text\" id=\"wpforms-245899-field_8\" class=\"wpforms-field-large wpforms-field-required\" name=\"wpforms[fields][8]\" placeholder=\"City\" aria-errormessage=\"wpforms-245899-field_8-error\" required><\/div><div id=\"wpforms-245899-field_9-container\" class=\"wpforms-field wpforms-field-textarea Mensaje\" data-field-id=\"9\"><label class=\"wpforms-field-label wpforms-label-hide\" for=\"wpforms-245899-field_9\" aria-hidden=\"false\">Message <span class=\"wpforms-required-label\" aria-hidden=\"true\">*<\/span><\/label><textarea id=\"wpforms-245899-field_9\" class=\"wpforms-field-medium wpforms-field-required\" name=\"wpforms[fields][9]\" aria-errormessage=\"wpforms-245899-field_9-error\" required><\/textarea><\/div><\/div><!-- .wpforms-field-container --><div class=\"wpforms-submit-container\" ><input type=\"hidden\" name=\"wpforms[id]\" value=\"245899\"><input type=\"hidden\" name=\"page_title\" value=\"\"><input type=\"hidden\" name=\"page_url\" value=\"https:\/\/promitec.com.co\/en\/wp-json\/wp\/v2\/product\/41\"><input type=\"hidden\" name=\"url_referer\" value=\"\"><button type=\"submit\" name=\"wpforms[submit]\" id=\"wpforms-submit-245899\" class=\"wpforms-submit\" data-alt-text=\"Sending... \ud83e\udd73\" data-submit-text=\"Send\" aria-live=\"assertive\" value=\"wpforms-submit\">Send<\/button><img decoding=\"async\" src=\"https:\/\/promitec.com.co\/wp-content\/plugins\/wpforms-lite\/assets\/images\/submit-spin.svg\" class=\"wpforms-submit-spinner\" style=\"display: none;\" width=\"26\" height=\"26\" alt=\"Loading\"><\/div><\/form><\/div>  <!-- .wpforms-container -->\t\t\t\t<\/div>\n\t\t\t\t<\/div>\n\t\t\t\t\t<\/div>\n\t\t<\/div>\n\t\t\t\t\t<\/div>\n\t\t<\/section>\n\t\t\t\t<\/div>\n\t\t","protected":false},"excerpt":{"rendered":"<p>Es un modulador de la funci\u00f3n hep\u00e1tica que ofrece beneficios para mejorar el funcionamiento y la salud del h\u00edgado en animales. Sus componentes proporcionan propiedades que contribuyen a desintoxicar, mejorar y optimizar el rendimiento hep\u00e1tico, protegiendo la inversi\u00f3n del productor de manera natural.<\/p>\n","protected":false},"featured_media":248111,"template":"","meta":{"_joinchat":[]},"product_brand":[],"product_cat":[130,162,145,138,137],"product_tag":[],"class_list":{"0":"post-41","1":"product","2":"type-product","3":"status-publish","4":"has-post-thumbnail","6":"product_cat-aves","7":"product_cat-incluir-en-el-alimento-aves","8":"product_cat-modulador-hepatico-aves","9":"product_cat-necesidad-aves","10":"product_cat-uso-aves","12":"first","13":"instock","14":"shipping-taxable","15":"product-type-simple"},"aioseo_notices":[],"_links":{"self":[{"href":"https:\/\/promitec.com.co\/en\/wp-json\/wp\/v2\/product\/41","targetHints":{"allow":["GET"]}}],"collection":[{"href":"https:\/\/promitec.com.co\/en\/wp-json\/wp\/v2\/product"}],"about":[{"href":"https:\/\/promitec.com.co\/en\/wp-json\/wp\/v2\/types\/product"}],"version-history":[{"count":5,"href":"https:\/\/promitec.com.co\/en\/wp-json\/wp\/v2\/product\/41\/revisions"}],"predecessor-version":[{"id":246400,"href":"https:\/\/promitec.com.co\/en\/wp-json\/wp\/v2\/product\/41\/revisions\/246400"}],"wp:featuredmedia":[{"embeddable":true,"href":"https:\/\/promitec.com.co\/en\/wp-json\/wp\/v2\/media\/248111"}],"wp:attachment":[{"href":"https:\/\/promitec.com.co\/en\/wp-json\/wp\/v2\/media?parent=41"}],"wp:term":[{"taxonomy":"product_brand","embeddable":true,"href":"https:\/\/promitec.com.co\/en\/wp-json\/wp\/v2\/product_brand?post=41"},{"taxonomy":"product_cat","embeddable":true,"href":"https:\/\/promitec.com.co\/en\/wp-json\/wp\/v2\/product_cat?post=41"},{"taxonomy":"product_tag","embeddable":true,"href":"https:\/\/promitec.com.co\/en\/wp-json\/wp\/v2\/product_tag?post=41"}],"curies":[{"name":"wp","href":"https:\/\/api.w.org\/{rel}","templated":true}]}}