{"id":248212,"date":"2026-02-12T14:01:28","date_gmt":"2026-02-12T19:01:28","guid":{"rendered":"https:\/\/promitec.com.co\/?post_type=product&#038;p=248212"},"modified":"2026-02-12T14:32:48","modified_gmt":"2026-02-12T19:32:48","slug":"incubadora-pollito-y-pollita","status":"publish","type":"product","link":"https:\/\/promitec.com.co\/en\/producto\/incubadora-pollito-y-pollita\/","title":{"rendered":"Incubadora pollita"},"content":{"rendered":"<p>Es un suplemento alimenticio natural para las pollitas y pollitos desde el nacimiento en la incubadora y durante el transporte hasta la llegada a la granja de producci\u00f3n, con el objetivo de contribuir en la estimulaci\u00f3n del apetito, aportar energ\u00eda y mantener su vigor.<\/p>\n","protected":false},"excerpt":{"rendered":"<p>Es un suplemento alimenticio natural para las pollitas y pollitos desde el nacimiento en la incubadora y durante el transporte hasta la llegada a la granja de producci\u00f3n, con el objetivo de contribuir en la estimulaci\u00f3n del apetito, aportar energ\u00eda y mantener su vigor.<\/p>\n","protected":false},"featured_media":248224,"template":"","meta":{"_joinchat":[]},"product_brand":[],"product_cat":[130,154],"product_tag":[],"class_list":{"0":"post-248212","1":"product","2":"type-product","3":"status-publish","4":"has-post-thumbnail","6":"product_cat-aves","7":"product_cat-iniciador-primer-dia-aves","9":"first","10":"instock","11":"shipping-taxable","12":"product-type-simple"},"aioseo_notices":[],"_links":{"self":[{"href":"https:\/\/promitec.com.co\/en\/wp-json\/wp\/v2\/product\/248212","targetHints":{"allow":["GET"]}}],"collection":[{"href":"https:\/\/promitec.com.co\/en\/wp-json\/wp\/v2\/product"}],"about":[{"href":"https:\/\/promitec.com.co\/en\/wp-json\/wp\/v2\/types\/product"}],"version-history":[{"count":3,"href":"https:\/\/promitec.com.co\/en\/wp-json\/wp\/v2\/product\/248212\/revisions"}],"predecessor-version":[{"id":248217,"href":"https:\/\/promitec.com.co\/en\/wp-json\/wp\/v2\/product\/248212\/revisions\/248217"}],"wp:featuredmedia":[{"embeddable":true,"href":"https:\/\/promitec.com.co\/en\/wp-json\/wp\/v2\/media\/248224"}],"wp:attachment":[{"href":"https:\/\/promitec.com.co\/en\/wp-json\/wp\/v2\/media?parent=248212"}],"wp:term":[{"taxonomy":"product_brand","embeddable":true,"href":"https:\/\/promitec.com.co\/en\/wp-json\/wp\/v2\/product_brand?post=248212"},{"taxonomy":"product_cat","embeddable":true,"href":"https:\/\/promitec.com.co\/en\/wp-json\/wp\/v2\/product_cat?post=248212"},{"taxonomy":"product_tag","embeddable":true,"href":"https:\/\/promitec.com.co\/en\/wp-json\/wp\/v2\/product_tag?post=248212"}],"curies":[{"name":"wp","href":"https:\/\/api.w.org\/{rel}","templated":true}]}}