{"id":248207,"date":"2026-02-12T13:00:32","date_gmt":"2026-02-12T18:00:32","guid":{"rendered":"https:\/\/promitec.com.co\/?post_type=product&#038;p=248207"},"modified":"2026-02-12T14:31:41","modified_gmt":"2026-02-12T19:31:41","slug":"bioener","status":"publish","type":"product","link":"https:\/\/promitec.com.co\/en\/producto\/bioener\/","title":{"rendered":"Bioener"},"content":{"rendered":"<p>Es un suplemento energ\u00e9tico para suministrar a lechones en el primer d\u00eda de vida, que aporta energ\u00eda para mejorar su actividad y fomentar el consumo de leche materna.<\/p>\n<h3 data-path-to-node=\"2\"><b data-path-to-node=\"2\" data-index-in-node=\"0\">Beneficios:<\/b><\/h3>\n<ul data-path-to-node=\"3\">\n<li>\n<p data-path-to-node=\"3,0,0\">Brinda energ\u00eda de r\u00e1pida absorci\u00f3n.<\/p>\n<\/li>\n<li>\n<p data-path-to-node=\"3,1,0\">Mejor supervivencia y uniformidad de la camada.<\/p>\n<\/li>\n<li>\n<p data-path-to-node=\"3,2,0\">Incrementa la vitalidad del lech\u00f3n.<\/p>\n<\/li>\n<li>\n<p data-path-to-node=\"3,3,0\">Mayor peso al destete.<\/p>\n<\/li>\n<\/ul>\n<h3 data-path-to-node=\"4\"><b data-path-to-node=\"4\" data-index-in-node=\"0\">Dosis:<\/b><\/h3>\n<ul data-path-to-node=\"5\">\n<li>\n<p data-path-to-node=\"5,0,0\">2 ml al momento de nacer.<\/p>\n<\/li>\n<li>\n<p data-path-to-node=\"5,1,0\">2 ml 12 horas despu\u00e9s del nacimiento.<\/p>\n<\/li>\n<\/ul>\n<p data-path-to-node=\"5,1,0\"><b data-path-to-node=\"6,0\" data-index-in-node=\"0\">Nota:<\/b> 1 Pump equivale a 2 ml.<\/p>\n","protected":false},"excerpt":{"rendered":"<p>BIOENER es un <b data-path-to-node=\"12,1\" data-index-in-node=\"14\">suplemento para lechones<\/b> de alto rendimiento dise\u00f1ado para suministrarse en el primer d\u00eda de vida. Este producto aporta la energ\u00eda necesaria para mejorar su actividad f\u00edsica inmediata y fomentar un consumo temprano de leche materna.<\/p>\n","protected":false},"featured_media":248220,"template":"","meta":{"_joinchat":[]},"product_brand":[],"product_cat":[131,149],"product_tag":[],"class_list":{"0":"post-248207","1":"product","2":"type-product","3":"status-publish","4":"has-post-thumbnail","6":"product_cat-cerdos","7":"product_cat-promotor-de-crecimiento-cerdos","9":"first","10":"instock","11":"shipping-taxable","12":"product-type-simple"},"aioseo_notices":[],"_links":{"self":[{"href":"https:\/\/promitec.com.co\/en\/wp-json\/wp\/v2\/product\/248207","targetHints":{"allow":["GET"]}}],"collection":[{"href":"https:\/\/promitec.com.co\/en\/wp-json\/wp\/v2\/product"}],"about":[{"href":"https:\/\/promitec.com.co\/en\/wp-json\/wp\/v2\/types\/product"}],"version-history":[{"count":2,"href":"https:\/\/promitec.com.co\/en\/wp-json\/wp\/v2\/product\/248207\/revisions"}],"predecessor-version":[{"id":248211,"href":"https:\/\/promitec.com.co\/en\/wp-json\/wp\/v2\/product\/248207\/revisions\/248211"}],"wp:featuredmedia":[{"embeddable":true,"href":"https:\/\/promitec.com.co\/en\/wp-json\/wp\/v2\/media\/248220"}],"wp:attachment":[{"href":"https:\/\/promitec.com.co\/en\/wp-json\/wp\/v2\/media?parent=248207"}],"wp:term":[{"taxonomy":"product_brand","embeddable":true,"href":"https:\/\/promitec.com.co\/en\/wp-json\/wp\/v2\/product_brand?post=248207"},{"taxonomy":"product_cat","embeddable":true,"href":"https:\/\/promitec.com.co\/en\/wp-json\/wp\/v2\/product_cat?post=248207"},{"taxonomy":"product_tag","embeddable":true,"href":"https:\/\/promitec.com.co\/en\/wp-json\/wp\/v2\/product_tag?post=248207"}],"curies":[{"name":"wp","href":"https:\/\/api.w.org\/{rel}","templated":true}]}}