{"id":247955,"date":"2025-11-10T19:20:21","date_gmt":"2025-11-11T00:20:21","guid":{"rendered":"https:\/\/promitec.com.co\/?post_type=product&#038;p=247955"},"modified":"2026-02-04T19:24:46","modified_gmt":"2026-02-05T00:24:46","slug":"protegolp-incluirenelalimentoavesmoduladorintestinal","status":"publish","type":"product","link":"https:\/\/promitec.com.co\/en\/producto\/protegolp-incluirenelalimentoavesmoduladorintestinal\/","title":{"rendered":"PROTEGO LP\u00ae25 Kg"},"content":{"rendered":"<p><span style=\"font-weight: 500;\">Con la tecnolog\u00eda del PROTEGO LP\u00ae hemos logrado conservar cepas vivas de \u00faltima generaci\u00f3n a trav\u00e9s de nuestro proceso de microencapsulado en maltooligosac\u00e1ridos. Cepas que fueron aisladas del tracto intestinal de aves con \u00f3ptima salud intestinal y validadas en rigurosos estudios de campo y con biotecnolog\u00eda de Promitec, Gracias a su capacidad de colonizaci\u00f3n y su acci\u00f3n contra enteropat\u00f3genos, PROTEGO LP\u00ae refuerza de manera continua la barrera intestinal, promoviendo un equilibrio microbiano que maximiza el rendimiento y el bienestar de los animales.<\/span><\/p>\n<p>&nbsp;<\/p>\n<p><b>Administraci\u00f3n y cantidad recomendada:<\/b><\/p>\n<p><b>V\u00eda oral mezclado en el <\/b><b><i>alimento:<\/i><\/b><\/p>\n<p><b>*Pollos de engorde, gallinas ponedoras y reproductoras: <\/b><span style=\"font-weight: 400;\">250 &#8211; 350g<\/span><\/p>\n<p><span style=\"font-weight: 400;\">\/Ton de alimento en todas las etapas productivas.<\/span><\/p>\n<p><b>V\u00eda oral mezclado en <\/b><b><i>agua de bebida:<\/i><\/b><\/p>\n<p><b>* Pollos de engorde, gallinas ponedoras y reproductoras:<\/b><span style=\"font-weight: 400;\"> 200 g \/1000L de agua de bebida en todas las etapas productivas.<\/span><\/p>\n<p>&nbsp;<\/p>\n","protected":false},"excerpt":{"rendered":"<p><span style=\"font-weight: 500;\">PROTEGO LP<\/span><span style=\"font-weight: 500;\">\u00ae<\/span><span style=\"font-weight: 500;\"> es un probi\u00f3tico a base de un conjunto cepas de bacterias vivas microencapsuladas, que colonizan el intestino de los animales, compitiendo de forma selectiva con bacterias ent\u00e9ricas pat\u00f3genas como Salmonella, Clostridium o E.coli, fortaleciendo la microbiota ben\u00e9fica residente, garantizando integridad intestinal y sanidad.<\/span><\/p>\n","protected":false},"featured_media":248053,"template":"","meta":{"_joinchat":[]},"product_brand":[],"product_cat":[130,162,143,138,137],"product_tag":[],"class_list":{"0":"post-247955","1":"product","2":"type-product","3":"status-publish","4":"has-post-thumbnail","6":"product_cat-aves","7":"product_cat-incluir-en-el-alimento-aves","8":"product_cat-modulador-intestinal-aves","9":"product_cat-necesidad-aves","10":"product_cat-uso-aves","12":"first","13":"instock","14":"shipping-taxable","15":"product-type-simple"},"aioseo_notices":[],"_links":{"self":[{"href":"https:\/\/promitec.com.co\/en\/wp-json\/wp\/v2\/product\/247955","targetHints":{"allow":["GET"]}}],"collection":[{"href":"https:\/\/promitec.com.co\/en\/wp-json\/wp\/v2\/product"}],"about":[{"href":"https:\/\/promitec.com.co\/en\/wp-json\/wp\/v2\/types\/product"}],"version-history":[{"count":3,"href":"https:\/\/promitec.com.co\/en\/wp-json\/wp\/v2\/product\/247955\/revisions"}],"predecessor-version":[{"id":248150,"href":"https:\/\/promitec.com.co\/en\/wp-json\/wp\/v2\/product\/247955\/revisions\/248150"}],"wp:featuredmedia":[{"embeddable":true,"href":"https:\/\/promitec.com.co\/en\/wp-json\/wp\/v2\/media\/248053"}],"wp:attachment":[{"href":"https:\/\/promitec.com.co\/en\/wp-json\/wp\/v2\/media?parent=247955"}],"wp:term":[{"taxonomy":"product_brand","embeddable":true,"href":"https:\/\/promitec.com.co\/en\/wp-json\/wp\/v2\/product_brand?post=247955"},{"taxonomy":"product_cat","embeddable":true,"href":"https:\/\/promitec.com.co\/en\/wp-json\/wp\/v2\/product_cat?post=247955"},{"taxonomy":"product_tag","embeddable":true,"href":"https:\/\/promitec.com.co\/en\/wp-json\/wp\/v2\/product_tag?post=247955"}],"curies":[{"name":"wp","href":"https:\/\/api.w.org\/{rel}","templated":true}]}}