{"id":246892,"date":"2025-07-11T16:40:41","date_gmt":"2025-07-11T21:40:41","guid":{"rendered":"https:\/\/promitec.com.co\/?post_type=product&#038;p=246892"},"modified":"2026-02-17T18:56:38","modified_gmt":"2026-02-17T23:56:38","slug":"rakbio-incluirenelalimentocerdospromotordecrecimiento","status":"publish","type":"product","link":"https:\/\/promitec.com.co\/en\/producto\/rakbio-incluirenelalimentocerdospromotordecrecimiento\/","title":{"rendered":"Rakbio x 25 kg"},"content":{"rendered":"<p><span style=\"font-weight: 500;\">RAKBIO\u00ae es una alternativa natural dise\u00f1ada para potenciar la fase final de producci\u00f3n porcina, manteniendo altos est\u00e1ndares de eficiencia y calidad. Su uso permite optimizar el desarrollo del cerdo sin recurrir a aditivos con restricciones, asegurando un desempe\u00f1o productivo competitivo y alineado con las exigencias del mercado actual.<\/span><\/p>\n<p>&nbsp;<\/p>\n<p><b>Administraci\u00f3n y cantidad recomendada:<\/b><\/p>\n<p>&nbsp;<\/p>\n<ul>\n<li style=\"font-weight: 500;\" aria-level=\"1\"><span style=\"font-weight: 400;\">Aumento en rendimiento en canal.<\/span><\/li>\n<li style=\"font-weight: 500;\" aria-level=\"1\"><span style=\"font-weight: 400;\">Reduce los niveles de grasa dorsal.<\/span><\/li>\n<li style=\"font-weight: 500;\" aria-level=\"1\"><span style=\"font-weight: 400;\">Estimula el crecimiento de carne magra.<\/span><\/li>\n<li style=\"font-weight: 500;\" aria-level=\"1\"><span style=\"font-weight: 400;\">Efecto similar a la ractopamina, sin residuos ni restricciones.<\/span><\/li>\n<\/ul>\n<p>&nbsp;<\/p>\n<p><b>Dosis:<\/b><\/p>\n<p>&nbsp;<\/p>\n<ul>\n<li style=\"font-weight: 500;\" aria-level=\"1\"><span style=\"font-weight: 500;\">V\u00eda oral mezclado en el alimento, cerdos en fase de finalizaci\u00f3n: 900 g\/ton de alimento.<\/span><\/li>\n<\/ul>\n","protected":false},"excerpt":{"rendered":"<p><span style=\"font-weight: 500;\">RAKBIO\u00ae es un producto dise\u00f1ado para optimizar el desarrollo del cerdo en fase de finalizaci\u00f3n como alternativa natural al uso de la ractopamina, ideal para la industria porc\u00edcola que busca innovaci\u00f3n en el mercado sin perder la eficiencia, calidad y cumplimiento de normativas nacionales e internacionales.<\/span><\/p>\n","protected":false},"featured_media":248055,"template":"","meta":{"_joinchat":[]},"product_brand":[],"product_cat":[131,209,162,136,149,137],"product_tag":[],"class_list":{"0":"post-246892","1":"product","2":"type-product","3":"status-publish","4":"has-post-thumbnail","6":"product_cat-cerdos","7":"product_cat-finalizador-natural","8":"product_cat-incluir-en-el-alimento-aves","9":"product_cat-necesidad-cerdos","10":"product_cat-promotor-de-crecimiento-cerdos","11":"product_cat-uso-aves","13":"first","14":"instock","15":"shipping-taxable","16":"product-type-simple"},"aioseo_notices":[],"_links":{"self":[{"href":"https:\/\/promitec.com.co\/en\/wp-json\/wp\/v2\/product\/246892","targetHints":{"allow":["GET"]}}],"collection":[{"href":"https:\/\/promitec.com.co\/en\/wp-json\/wp\/v2\/product"}],"about":[{"href":"https:\/\/promitec.com.co\/en\/wp-json\/wp\/v2\/types\/product"}],"version-history":[{"count":3,"href":"https:\/\/promitec.com.co\/en\/wp-json\/wp\/v2\/product\/246892\/revisions"}],"predecessor-version":[{"id":246897,"href":"https:\/\/promitec.com.co\/en\/wp-json\/wp\/v2\/product\/246892\/revisions\/246897"}],"wp:featuredmedia":[{"embeddable":true,"href":"https:\/\/promitec.com.co\/en\/wp-json\/wp\/v2\/media\/248055"}],"wp:attachment":[{"href":"https:\/\/promitec.com.co\/en\/wp-json\/wp\/v2\/media?parent=246892"}],"wp:term":[{"taxonomy":"product_brand","embeddable":true,"href":"https:\/\/promitec.com.co\/en\/wp-json\/wp\/v2\/product_brand?post=246892"},{"taxonomy":"product_cat","embeddable":true,"href":"https:\/\/promitec.com.co\/en\/wp-json\/wp\/v2\/product_cat?post=246892"},{"taxonomy":"product_tag","embeddable":true,"href":"https:\/\/promitec.com.co\/en\/wp-json\/wp\/v2\/product_tag?post=246892"}],"curies":[{"name":"wp","href":"https:\/\/api.w.org\/{rel}","templated":true}]}}